{"id":364,"date":"2025-09-28T10:03:31","date_gmt":"2025-09-28T10:03:31","guid":{"rendered":"http:\/\/wordpress.p698472.webspaceconfig.de\/?page_id=364"},"modified":"2026-01-03T13:20:26","modified_gmt":"2026-01-03T13:20:26","slug":"impressum","status":"publish","type":"page","link":"https:\/\/www.advokat.de\/en\/impressum\/","title":{"rendered":"imprint"},"content":{"rendered":"<div data-elementor-type=\"wp-post\" data-elementor-id=\"364\" class=\"elementor elementor-364\" data-elementor-post-type=\"page\">\n\t\t\t\t<div class=\"elementor-element elementor-element-447c7ea e-flex e-con-boxed e-con e-parent\" data-id=\"447c7ea\" data-element_type=\"container\" data-e-type=\"container\">\n\t\t\t\t\t<div class=\"e-con-inner\">\n\t\t\t\t<div class=\"elementor-element elementor-element-912ce16 elementor-widget elementor-widget-text-editor\" data-id=\"912ce16\" data-element_type=\"widget\" data-e-type=\"widget\" data-widget_type=\"text-editor.default\">\n\t\t\t\t\t\t\t\t\t<h4>Responsible in accordance with \u00a7 5 DDG:<\/h4><p>merlekerpartner lawyers PartG mbB\u00a0<br \/>Hardenbergstrasse 10<br \/>10623 Berlin<br \/>Telephone: 030\/306900 0<br \/>Fax: 030\/306 900 10<br \/>e-mail:\u00a0<a href=\"mailto:zentrale@advokat.de\">zentrale@advokat.de<\/a><br \/><a href=\"http:\/\/www.advokat.de\/en\/\" target=\"_blank\" rel=\"noopener\">www.advokat.de<\/a><\/p><h5>VAT ID:<\/h5><p>VAT identification number according to \u00a727a of the German VAT Act:<br \/>DE 203 716 601<\/p><h5>Legal form:<\/h5><p>Partnership with limited professional liability<\/p><h5>Partners within the meaning of the Partnership Act:<\/h5><p>Oliver Merleker, Lawyer<\/p><p>Simone Krziwanek, lawyer, specialist lawyer for tenancy and condominium law<\/p><p>Dr. Christian Volkmann, specialist lawyer for intellectual property law<\/p><p>Alexander G\u00fcnzel, specialist lawyer for employment law<\/p><p>Dr. Jan Scheube, specialist lawyer for construction and architectural law, mediator for construction matters<\/p><p>Dr. Robert Scherzer, Lawyer<\/p><p>Kathrin von Pochhammer, lawyer<\/p><p>Dr. Saskia Au, Lawyer<\/p><p><span style=\"color: inherit; font-family: inherit; font-size: 1.25rem;\">Partnership Register:<\/span><\/p><p>District Court Berlin-Charlottenburg, Register No. PR 1209 B, Seat: Berlin.<\/p><h5>Authorized representative of the service provider for this website:<\/h5><p>Lawyer Oliver Merleker<\/p><h5>Information provided in the course of a professional activity:<\/h5><p>The right to use the professional titles &quot;Rechtsanwalt\/Rechtsanw\u00e4ltin&quot; (lawyer) and &quot;Notar\/Notarin&quot; (notary) as well as the specialist lawyer titles was granted in the Federal Republic of Germany. The lawyers working in the firm practice law exclusively within the limited liability partnership (mbB).<\/p><h5>Competent supervisory authorities<\/h5><p>Berlin Bar Association<br \/>Littenstra\u00dfe 9<br \/>10179 Berlin<br \/>Telephone: 030\/30 69 31 0<br \/>Fax: 030\/ 30 69 31 99<br \/>E-mail:\u00a0<a href=\"mailto:info@rak-berlin.de\">info@rak-berlin.de<\/a>\u00a0<br \/><a href=\"https:\/\/www.rak-berlin.de\/\" target=\"_blank\" rel=\"noopener noreferrer\">www.rak-berlin.de<\/a><\/p><p>Berlin Chamber of Notaries<br \/>Littenstra\u00dfe 10<br \/>10179 Berlin<br \/>Telephone: 030\/24 62 90-0<br \/>Fax: 030\/ 24 62 90-25<br \/>E-mail:\u00a0<a href=\"mailto:info@notarkammer-berlin.de\">info@notarkammer-berlin.de<\/a><br \/><a href=\"http:\/\/www.berliner-notarkammer.de\/\" target=\"_blank\" rel=\"noopener noreferrer\">www.notarkammer-berlin.de<\/a><\/p><p>The President of the Berlin II Regional Court<br \/>Littenstra\u00dfe 12-17<br \/>10179 Berlin<br \/>Telephone: 030\/9023-0<br \/>Fax: 030\/9023-2223<\/p><p>The President of the Higher Regional Court<br \/>El\u00dfholzstr. 30-33<br \/>10781 Berlin<br \/>Telephone: 030\/9015-0<br \/>Fax: 030\/9015-2200<\/p><p>Senate Department for Justice and Consumer Protection<br \/>Salzburger Stra\u00dfe 21-25<br \/>10825 Berlin<br \/>Telephone: 030\/9013-0<br \/>Fax: 030\/9013-2000<\/p><p>The professional regulations can also be found on the website of the Federal Bar Association (<a href=\"http:\/\/www.brak.de\/\" target=\"_blank\" rel=\"noopener noreferrer\">http:\/\/www.brak.de<\/a>), the Federal Chamber of Notaries (<a href=\"http:\/\/www.bnotk.de\/index.php\" target=\"_blank\" rel=\"noopener noreferrer\">http:\/\/www.bnotk.de\/index.php<\/a>) and the Berlin Chamber of Notaries (<a href=\"http:\/\/www.notarkammer-berlin.de\/\" target=\"_blank\" rel=\"noopener noreferrer\">http:\/\/www.notarkammer-berlin.de<\/a>These regulations can be viewed and accessed in the section on professional law. The relevant professional regulations governing our activities as notaries are the Federal Notarial Code (BNotO), the Notarization Act (BeurkG), the Service Regulations for Notaries (DONot), the Ordinance on the Keeping of Notarial Files and Registers (NotAktVV), and the Court and Notary Fees Act (GNotKG).<\/p><h4>Liability in a partnership with limited professional liability:<\/h4><p>According to Section 8 Paragraph 4 of the Law on Partnerships of Members of the Liberal Professions (Partnerships Act), the partnership&#039;s assets are only liable to creditors for liabilities of the partnership arising from damages due to faulty professional practice if the partnership maintains a professional liability insurance policy prescribed by law for this purpose.\u00a0<\/p><h4>Professional liability insurance<\/h4><p>Professional liability insurance is held with Allianz Versicherungs-AG, postal address: 10900 Berlin. This insurance meets the requirements of Section 51a of the Federal Lawyers&#039; Act (BRAO).<\/p><p>Geographical scope of the professional liability insurance: Europe, T\u00fcrkiye and the states in the territory of the former Soviet Union including Lithuania, Latvia and Estonia.<\/p><h4>Information on dispute resolution<\/h4><h4>Out-of-court dispute resolution<\/h4><p>In the event of disputes between lawyers and their clients, out-of-court dispute resolution is available upon request at the Berlin Bar Association (pursuant to Section 73 Paragraph 2 No. 3 in conjunction with Section 73 Paragraph 5 BRAO) or at the Arbitration Board of the Legal Profession (Section 191f BRAO) at the Federal Bar Association, which can be found on the Federal Bar Association&#039;s website (<a href=\"http:\/\/www.brak.de\/\" target=\"_blank\" rel=\"noopener noreferrer\">www.brak.de<\/a>), Email:\u00a0<a href=\"mailto:schlichtungsstelle@brak.de\">schlichtungsstelle@brak.de<\/a>.<\/p><h4>Online Dispute Resolution Platform (ODR)<\/h4><p>The European Commission provides a platform for online dispute resolution (ODR platform), which can be found at\u00a0<a href=\"https:\/\/ec.europa.eu\/consumers\/odr\/main\/index.cfm?event=main.home.chooseLanguage\" target=\"_blank\" rel=\"noopener noreferrer\">www.ec.europa.eu\/consumers\/odr<\/a>\u00a0is accessible. Our<br \/>The email address is:\u00a0<a href=\"mailto:zentrale@advokat.de\">zentrale@advokat.de<\/a><\/p><h4>Consumer dispute resolution procedures<\/h4><p>We are neither obligated nor willing to participate in dispute resolution proceedings before a consumer arbitration board.<\/p><h4>Responsible for content in accordance with \u00a7 55 para. 2 RStV (ViSdP):<\/h4><p>Oliver Merleker<br \/>Hardenbergstrasse 10<br \/>10623 Berlin<\/p><p>\u00a9 1999-2024 merlekerpartner PartG mbB. All content is protected by copyright.<\/p><h4>Concept, design and implementation<\/h4><p>ONDIGO \u2013 Digital Brand Power<br \/><a href=\"http:\/\/www.ondigo.de\/\" target=\"_blank\" rel=\"noopener noreferrer\">www.ondigo.de<\/a><\/p><p>Icons made by\u00a0<a href=\"http:\/\/www.freepik.com\/\" target=\"_blank\" rel=\"noopener noreferrer\">Freepik<\/a>\u00a0from\u00a0<a href=\"http:\/\/www.flaticon.com\/\" target=\"_blank\" rel=\"noopener noreferrer\">www.flaticon.com<\/a>\u00a0is licensed under\u00a0<a href=\"http:\/\/creativecommons.org\/licenses\/by\/3.0\/\" target=\"_blank\" rel=\"noopener noreferrer\">CC BY 3.0<\/a><\/p>\t\t\t\t\t\t\t\t<\/div>\n\t\t\t\t\t<\/div>\n\t\t\t\t<\/div>\n\t\t\t\t<\/div>","protected":false},"excerpt":{"rendered":"<p>Verantwortlich im Sinne des \u00a7 5 DDG: merlekerpartner rechtsanw\u00e4lte PartG mbB\u00a0Hardenbergstra\u00dfe 1010623 BerlinTelefon: 030\/306900 0Fax: 030\/306 900 10eMail:\u00a0zentrale@advokat.dewww.advokat.de Umsatzsteuer-ID: Umsatzsteuer-Identifikationsnummer gem\u00e4\u00df \u00a727 a Umsatzsteuergesetz:DE 203 716 601 Rechtsform: Partnerschaftsgesellschaft mit beschr\u00e4nkter Berufshaftung Partner im Sinne des Partnerschaftsgesetzes: Oliver Merleker, Rechtsanwalt Simone Krziwanek, Rechtsanw\u00e4ltin, Fachanw\u00e4ltin f\u00fcr Miet- und Wohnungseigentumsrecht Dr. Christian Volkmann, Fachanwalt f\u00fcr gewerblichen Rechtsschutz [&hellip;]<\/p>\n","protected":false},"author":5,"featured_media":0,"parent":0,"menu_order":0,"comment_status":"closed","ping_status":"closed","template":"","meta":{"_acf_changed":false,"footnotes":""},"class_list":["post-364","page","type-page","status-publish","hentry"],"acf":[],"_links":{"self":[{"href":"https:\/\/www.advokat.de\/en\/wp-json\/wp\/v2\/pages\/364","targetHints":{"allow":["GET"]}}],"collection":[{"href":"https:\/\/www.advokat.de\/en\/wp-json\/wp\/v2\/pages"}],"about":[{"href":"https:\/\/www.advokat.de\/en\/wp-json\/wp\/v2\/types\/page"}],"author":[{"embeddable":true,"href":"https:\/\/www.advokat.de\/en\/wp-json\/wp\/v2\/users\/5"}],"replies":[{"embeddable":true,"href":"https:\/\/www.advokat.de\/en\/wp-json\/wp\/v2\/comments?post=364"}],"version-history":[{"count":25,"href":"https:\/\/www.advokat.de\/en\/wp-json\/wp\/v2\/pages\/364\/revisions"}],"predecessor-version":[{"id":1450,"href":"https:\/\/www.advokat.de\/en\/wp-json\/wp\/v2\/pages\/364\/revisions\/1450"}],"wp:attachment":[{"href":"https:\/\/www.advokat.de\/en\/wp-json\/wp\/v2\/media?parent=364"}],"curies":[{"name":"wp","href":"https:\/\/api.w.org\/{rel}","templated":true}]}}